{"id":16,"date":"2018-08-18T16:47:59","date_gmt":"2018-08-18T16:47:59","guid":{"rendered":"https:\/\/alarmeth.com\/web\/?page_id=16"},"modified":"2018-08-19T21:07:50","modified_gmt":"2018-08-19T21:07:50","slug":"contacto","status":"publish","type":"page","link":"https:\/\/alarmeth.com\/web\/contacto\/","title":{"rendered":"Contacto"},"content":{"rendered":"<div class=\"row\">\r\n\r\n  <div class=\"col\">\r\n     <h2>Formulario de Contacto<\/h2>\r\n <hr>\r\n     <p>Estamos listos para ayudarle con sus preguntas acerca de nuestros productos y servicios. Llene el siguiente formulario o ll\u00e1menos al n\u00famero que aparece.<\/p>\r\n     \r\n     <div role=\"form\" class=\"wpcf7\" id=\"wpcf7-f51-o1\" lang=\"es-ES\" dir=\"ltr\">\n<div class=\"screen-reader-response\"><\/div>\n<form action=\"\/web\/wp-json\/wp\/v2\/pages\/16#wpcf7-f51-o1\" method=\"post\" class=\"wpcf7-form\" novalidate=\"novalidate\">\n<div style=\"display: none;\">\n<input type=\"hidden\" name=\"_wpcf7\" value=\"51\" \/>\n<input type=\"hidden\" name=\"_wpcf7_version\" value=\"5.1.7\" \/>\n<input type=\"hidden\" name=\"_wpcf7_locale\" value=\"es_ES\" \/>\n<input type=\"hidden\" name=\"_wpcf7_unit_tag\" value=\"wpcf7-f51-o1\" \/>\n<input type=\"hidden\" name=\"_wpcf7_container_post\" value=\"0\" \/>\n<input type=\"hidden\" name=\"g-recaptcha-response\" value=\"\" \/>\n<\/div>\n<div class=\"form\">\n<p><label> Nombre Completo:<br \/>\n    <span class=\"wpcf7-form-control-wrap nombre\"><input type=\"text\" name=\"nombre\" value=\"\" size=\"40\" class=\"wpcf7-form-control wpcf7-text wpcf7-validates-as-required\" aria-required=\"true\" aria-invalid=\"false\" \/><\/span> <\/label><br \/>\n<label> Tel\u00e9fono:<br \/>\n    <span class=\"wpcf7-form-control-wrap tel\"><input type=\"text\" name=\"tel\" value=\"\" size=\"40\" class=\"wpcf7-form-control wpcf7-text wpcf7-validates-as-required\" aria-required=\"true\" aria-invalid=\"false\" \/><\/span> <\/label><br \/>\n<label> Correo Electr\u00f3nico:<br \/>\n    <span class=\"wpcf7-form-control-wrap correo\"><input type=\"email\" name=\"correo\" value=\"\" size=\"40\" class=\"wpcf7-form-control wpcf7-text wpcf7-email wpcf7-validates-as-required wpcf7-validates-as-email\" aria-required=\"true\" aria-invalid=\"false\" \/><\/span> <\/label><br \/>\n<label>Mensaje:<br \/>\n    <span class=\"wpcf7-form-control-wrap mensaje\"><textarea name=\"mensaje\" cols=\"40\" rows=\"10\" class=\"wpcf7-form-control wpcf7-textarea\" aria-invalid=\"false\"><\/textarea><\/span> <\/label><\/p>\n<p><input type=\"submit\" value=\"Enviar\" class=\"wpcf7-form-control wpcf7-submit\" \/><\/p>\n<\/div>\n<div class=\"wpcf7-response-output wpcf7-display-none\"><\/div><\/form><\/div>\r\n  <\/div>\r\n\r\n  <div class=\"col\">\r\n     <h2>Informaci\u00f3n de Contacto<\/h2>\r\n     <hr>\r\n      <strong>Direcci\u00f3n<\/strong>\r\n      <p>Parque Lefevre, Plaza Rio, Local 14B<\/p>\r\n      <p>Ciudad de Panam\u00e1, Rep. de Panam\u00e1<\/p>\r\n      <p>Tel\u00e9fono: +507 393-9526<\/p>\r\n      <p>Celular: +507 661-2300<\/p>\r\n   <hr>\r\n    <strong>Horario de Oficina<\/strong>\r\n    <p>De Lunes a S\u00e1bado<\/p>\r\n    <p> 8:00 a.m. a 5:00 p.m.<\/p>\r\n\r\n\r\n\r\n  <\/div>\r\n\r\n\r\n<\/div>","protected":false},"excerpt":{"rendered":"<p>Formulario de Contacto Estamos listos para ayudarle con sus preguntas acerca de nuestros productos y servicios. Llene el siguiente formulario o ll\u00e1menos al n\u00famero que aparece. Informaci\u00f3n de Contacto Direcci\u00f3n Parque Lefevre, Plaza Rio, Local 14B Ciudad de Panam\u00e1, Rep. de Panam\u00e1 Tel\u00e9fono: +507 393-9526 Celular: +507 661-2300 Horario de Oficina De Lunes a S\u00e1bado [&hellip;]<\/p>\n","protected":false},"author":1,"featured_media":0,"parent":0,"menu_order":0,"comment_status":"closed","ping_status":"closed","template":"","meta":{"footnotes":""},"class_list":["post-16","page","type-page","status-publish","hentry"],"_links":{"self":[{"href":"https:\/\/alarmeth.com\/web\/wp-json\/wp\/v2\/pages\/16","targetHints":{"allow":["GET"]}}],"collection":[{"href":"https:\/\/alarmeth.com\/web\/wp-json\/wp\/v2\/pages"}],"about":[{"href":"https:\/\/alarmeth.com\/web\/wp-json\/wp\/v2\/types\/page"}],"author":[{"embeddable":true,"href":"https:\/\/alarmeth.com\/web\/wp-json\/wp\/v2\/users\/1"}],"replies":[{"embeddable":true,"href":"https:\/\/alarmeth.com\/web\/wp-json\/wp\/v2\/comments?post=16"}],"version-history":[{"count":12,"href":"https:\/\/alarmeth.com\/web\/wp-json\/wp\/v2\/pages\/16\/revisions"}],"predecessor-version":[{"id":135,"href":"https:\/\/alarmeth.com\/web\/wp-json\/wp\/v2\/pages\/16\/revisions\/135"}],"wp:attachment":[{"href":"https:\/\/alarmeth.com\/web\/wp-json\/wp\/v2\/media?parent=16"}],"curies":[{"name":"wp","href":"https:\/\/api.w.org\/{rel}","templated":true}]}}