{"id":10,"date":"2018-08-18T16:47:33","date_gmt":"2018-08-18T16:47:33","guid":{"rendered":"https:\/\/alarmeth.com\/web\/?page_id=10"},"modified":"2018-08-19T18:26:57","modified_gmt":"2018-08-19T18:26:57","slug":"servicios","status":"publish","type":"page","link":"https:\/\/alarmeth.com\/web\/servicios\/","title":{"rendered":"Servicios"},"content":{"rendered":"<h1 style=\"text-align: center;\">Servicios<\/h1>\r\n<p style=\"text-align: center;\"><span style=\"color: #999999;\">Le ofrecemos un servicio personalizado y profesional para su seguridad<\/span><\/p>\r\n\r\n<\/br>\r\n<div class=\"row servicio\">\r\n   <div class=\"col-md-4\">\r\n     <img loading=\"lazy\" decoding=\"async\" src=\"https:\/\/alarmeth.com\/web\/wp-content\/uploads\/2018\/08\/servicios-alarma.jpg\" alt=\"\" width=\"348\" height=\"223\" class=\"alignnone size-full wp-image-84\" srcset=\"https:\/\/alarmeth.com\/web\/wp-content\/uploads\/2018\/08\/servicios-alarma.jpg 348w, https:\/\/alarmeth.com\/web\/wp-content\/uploads\/2018\/08\/servicios-alarma-300x192.jpg 300w\" sizes=\"auto, (max-width: 348px) 100vw, 348px\" \/>\r\n     <p>Instalaci\u00f3n de Alarmas<\/p>\r\n   <\/div>\r\n\r\n<div class=\"col-md-4\">\r\n    <img loading=\"lazy\" decoding=\"async\" src=\"https:\/\/alarmeth.com\/web\/wp-content\/uploads\/2018\/08\/servicios-camara.jpg\" alt=\"\" width=\"348\" height=\"223\" class=\"alignnone size-full wp-image-101\" srcset=\"https:\/\/alarmeth.com\/web\/wp-content\/uploads\/2018\/08\/servicios-camara.jpg 348w, https:\/\/alarmeth.com\/web\/wp-content\/uploads\/2018\/08\/servicios-camara-300x192.jpg 300w\" sizes=\"auto, (max-width: 348px) 100vw, 348px\" \/>\r\n     <p>Instalaci\u00f3n de Camaras<\/p>\r\n   <\/div>\r\n\r\n<div class=\"col-md-4\">\r\n     <img loading=\"lazy\" decoding=\"async\" src=\"https:\/\/alarmeth.com\/web\/wp-content\/uploads\/2018\/08\/servicios-halogenas.jpg\" alt=\"\" width=\"348\" height=\"223\" class=\"alignnone size-full wp-image-89\" srcset=\"https:\/\/alarmeth.com\/web\/wp-content\/uploads\/2018\/08\/servicios-halogenas.jpg 348w, https:\/\/alarmeth.com\/web\/wp-content\/uploads\/2018\/08\/servicios-halogenas-300x192.jpg 300w\" sizes=\"auto, (max-width: 348px) 100vw, 348px\" \/>\r\n      <p>Instalaci\u00f3n de Hal\u00f3genas<\/p>\r\n   <\/div>\r\n\r\n<div class=\"col-md-4\">\r\n     <img loading=\"lazy\" decoding=\"async\" src=\"https:\/\/alarmeth.com\/web\/wp-content\/uploads\/2018\/08\/servicios-led.jpg\" alt=\"\" width=\"348\" height=\"223\" class=\"alignnone size-full wp-image-92\" srcset=\"https:\/\/alarmeth.com\/web\/wp-content\/uploads\/2018\/08\/servicios-led.jpg 348w, https:\/\/alarmeth.com\/web\/wp-content\/uploads\/2018\/08\/servicios-led-300x192.jpg 300w\" sizes=\"auto, (max-width: 348px) 100vw, 348px\" \/>\r\n     <p>Instalaci\u00f3n de luces LED<\/p>\r\n   <\/div>\r\n\r\n<div class=\"col-md-4\">\r\n    <img loading=\"lazy\" decoding=\"async\" src=\"https:\/\/alarmeth.com\/web\/wp-content\/uploads\/2018\/08\/servicios-sonido.jpg\" alt=\"\" width=\"348\" height=\"223\" class=\"alignnone size-full wp-image-93\" srcset=\"https:\/\/alarmeth.com\/web\/wp-content\/uploads\/2018\/08\/servicios-sonido.jpg 348w, https:\/\/alarmeth.com\/web\/wp-content\/uploads\/2018\/08\/servicios-sonido-300x192.jpg 300w\" sizes=\"auto, (max-width: 348px) 100vw, 348px\" \/>\r\n     <p>Instalaci\u00f3n de equipo de sonido<\/p>\r\n   <\/div>\r\n\r\n<div class=\"col-md-4\">\r\n       <img loading=\"lazy\" decoding=\"async\" src=\"https:\/\/alarmeth.com\/web\/wp-content\/uploads\/2018\/08\/servicios-sensores.jpg\" alt=\"\" width=\"348\" height=\"223\" class=\"alignnone size-full wp-image-96\" srcset=\"https:\/\/alarmeth.com\/web\/wp-content\/uploads\/2018\/08\/servicios-sensores.jpg 348w, https:\/\/alarmeth.com\/web\/wp-content\/uploads\/2018\/08\/servicios-sensores-300x192.jpg 300w\" sizes=\"auto, (max-width: 348px) 100vw, 348px\" \/>\r\n      <p>Instalaci\u00f3n de sensores<\/p>\r\n   <\/div>\r\n\r\n<div class=\"col-md-4\">\r\n      <img loading=\"lazy\" decoding=\"async\" src=\"https:\/\/alarmeth.com\/web\/wp-content\/uploads\/2018\/08\/servicios-barra.jpg\" alt=\"\" width=\"348\" height=\"223\" class=\"alignnone size-full wp-image-99\" srcset=\"https:\/\/alarmeth.com\/web\/wp-content\/uploads\/2018\/08\/servicios-barra.jpg 348w, https:\/\/alarmeth.com\/web\/wp-content\/uploads\/2018\/08\/servicios-barra-300x192.jpg 300w\" sizes=\"auto, (max-width: 348px) 100vw, 348px\" \/>\r\n      <p>Instalaci\u00f3n de barras<\/p>\r\n   <\/div>\r\n<\/div>","protected":false},"excerpt":{"rendered":"<p>Servicios Le ofrecemos un servicio personalizado y profesional para su seguridad Instalaci\u00f3n de Alarmas Instalaci\u00f3n de Camaras Instalaci\u00f3n de Hal\u00f3genas Instalaci\u00f3n de luces LED Instalaci\u00f3n de equipo de sonido Instalaci\u00f3n de sensores Instalaci\u00f3n de barras<\/p>\n","protected":false},"author":1,"featured_media":0,"parent":0,"menu_order":0,"comment_status":"closed","ping_status":"closed","template":"pagina-completa.php","meta":{"footnotes":""},"class_list":["post-10","page","type-page","status-publish","hentry"],"_links":{"self":[{"href":"https:\/\/alarmeth.com\/web\/wp-json\/wp\/v2\/pages\/10","targetHints":{"allow":["GET"]}}],"collection":[{"href":"https:\/\/alarmeth.com\/web\/wp-json\/wp\/v2\/pages"}],"about":[{"href":"https:\/\/alarmeth.com\/web\/wp-json\/wp\/v2\/types\/page"}],"author":[{"embeddable":true,"href":"https:\/\/alarmeth.com\/web\/wp-json\/wp\/v2\/users\/1"}],"replies":[{"embeddable":true,"href":"https:\/\/alarmeth.com\/web\/wp-json\/wp\/v2\/comments?post=10"}],"version-history":[{"count":21,"href":"https:\/\/alarmeth.com\/web\/wp-json\/wp\/v2\/pages\/10\/revisions"}],"predecessor-version":[{"id":104,"href":"https:\/\/alarmeth.com\/web\/wp-json\/wp\/v2\/pages\/10\/revisions\/104"}],"wp:attachment":[{"href":"https:\/\/alarmeth.com\/web\/wp-json\/wp\/v2\/media?parent=10"}],"curies":[{"name":"wp","href":"https:\/\/api.w.org\/{rel}","templated":true}]}}